{"id":1872,"date":"2026-03-10T13:04:51","date_gmt":"2026-03-10T06:04:51","guid":{"rendered":"https:\/\/tranthingoan.vn\/?post_type=product&#038;p=1872"},"modified":"2026-03-13T21:55:16","modified_gmt":"2026-03-13T14:55:16","slug":"chiet-xuat-tao-bien-high-seas-dinh-duong-tu-bien-sau-root-growth","status":"publish","type":"product","link":"https:\/\/tranthingoan.vn\/index.php\/san-pham\/chiet-xuat-tao-bien-high-seas-dinh-duong-tu-bien-sau-root-growth\/","title":{"rendered":"H\u1eeeU C\u01a0 HIGH SEAS &#8211; Root Growth"},"content":{"rendered":"<p><b>HIGH SEAS<\/b><span style=\"font-weight: 400;\"> l\u00e0 chi\u1ebft xu\u1ea5t d\u1ea1ng l\u1ecfng t\u1eeb lo\u00e0i T\u1ea3o B\u1eb9 B\u00f2 (Durvillea Potatorum) \u0111\u01b0\u1ee3c thu ho\u1ea1ch t\u1ea1i B\u1edd T\u00e2y bang <\/span><b>Tasmania, \u00dac<\/b><span style=\"font-weight: 400;\">\u2014m\u1ed9t trong nh\u1eefng v\u00f9ng bi\u1ec3n <\/span><b>s\u1ea1ch nh\u1ea5t th\u1ebf gi\u1edbi<\/b><span style=\"font-weight: 400;\">. Chi\u1ebft xu\u1ea5t T\u1ea3o B\u1eb9 &#8211; B\u00ed quy\u1ebft v\u00e0ng cho <\/span><b>Rau M\u00e0u, C\u00e2y \u0102n Tr\u00e1i &amp; Hoa Ki\u1ec3ng<\/b><span style=\"font-weight: 400;\">. T\u1ea3o b\u1eb9 \u0111\u01b0\u1ee3c s\u1eed d\u1ee5ng nh\u01b0 m\u1ed9t ngu\u1ed3n dinh d\u01b0\u1ee1ng <\/span><b>th\u1ef1c v\u1eadt h\u1eefu c\u01a1 phong ph\u00fa trong nhi\u1ec1u th\u1ebf k\u1ef7.\u00a0<\/b><\/p>\n<p><span style=\"font-weight: 400;\">T\u1ea3o b\u1eb9 \u0111\u01b0\u1ee3c x\u1eed l\u00fd b\u1eb1ng <\/span><b>c\u00f4ng ngh\u1ec7 ti\u00ean ti\u1ebfn c\u1ee7a \u00dac<\/b><span style=\"font-weight: 400;\"> v\u1edbi <\/span><b>\u0111\u1ed9 pH t\u1ed1i \u01b0u<\/b><span style=\"font-weight: 400;\">, gi\u1ea3i ph\u00f3ng <\/span><b>kho\u00e1ng ch\u1ea5t<\/b><span style=\"font-weight: 400;\">, <\/span><b>nguy\u00ean t\u1ed1 vi l\u01b0\u1ee3ng<\/b><span style=\"font-weight: 400;\">, <\/span><b>amino ax\u00edt<\/b> <b>thi\u1ebft y\u1ebfu<\/b><span style=\"font-weight: 400;\"> v\u00e0 c\u00e1c <\/span><b>hormone t\u0103ng tr\u01b0\u1edfng th\u1ef1c v\u1eadt t\u1ef1 nhi\u00ean<\/b><span style=\"font-weight: 400;\"> (Auxin, Cytokinin, Gibberellin).\u00a0<\/span><\/p>\n<p><span style=\"font-weight: 400;\">Chi\u1ebft xu\u1ea5t t\u1ea3o bi\u1ec3n l\u00e0 gi\u1ea3i ph\u00e1p sinh h\u1ecdc \u0111\u01b0\u1ee3c \u1ee9ng d\u1ee5ng r\u1ed9ng r\u00e3i t\u1ea1i c\u00e1c qu\u1ed1c gia tr\u1ed3ng s\u1ea7u ri\u00eang th\u01b0\u01a1ng m\u1ea1i l\u1edbn nh\u01b0 <\/span><b>Th\u00e1i Lan<\/b><span style=\"font-weight: 400;\"> v\u00e0 <\/span><b>Malaysia, <\/b><span style=\"font-weight: 400;\">\u0111\u1eb7c bi\u1ec7t nh\u1eb1m <\/span><b>k\u00edch th\u00edch ph\u00e2n h\u00f3a m\u1ea7m hoa \u0111\u1ed3ng lo\u1ea1t<\/b><span style=\"font-weight: 400;\"> v\u00e0 <\/span><b>t\u0103ng c\u01b0\u1eddng ch\u1ea5t l\u01b0\u1ee3ng tr\u00e1i<\/b><span style=\"font-weight: 400;\"> trong c\u00e1c ch\u01b0\u01a1ng tr\u00ecnh dinh d\u01b0\u1ee1ng c\u00e2y tr\u1ed3ng chuy\u00ean s\u00e2u.<\/span><\/p>\n<p><b>HIGH SEAS<\/b><span style=\"font-weight: 400;\"> mang c\u00f4ng ngh\u1ec7 v\u00e0 hi\u1ec7u qu\u1ea3 \u0111\u00e3 \u0111\u01b0\u1ee3c ki\u1ec3m ch\u1ee9ng n\u00e0y \u0111\u1ebfn v\u1edbi b\u00e0 con n\u00f4ng d\u00e2n <\/span><b>Vi\u1ec7t Nam<\/b><span style=\"font-weight: 400;\">, gi\u00fap <\/span><b>t\u1ed1i \u01b0u h\u00f3a n\u0103ng su\u1ea5t<\/b><span style=\"font-weight: 400;\">, <\/span><b>c\u1ea3i thi\u1ec7n \u0111\u1ed9 brix<\/b><span style=\"font-weight: 400;\"> v\u00e0 <\/span><b>ch\u1ea5t l\u01b0\u1ee3ng s\u1ea7u ri\u00eang xu\u1ea5t kh\u1ea9u<\/b><span style=\"font-weight: 400;\">.<br \/>\n<\/span><\/p>\n<p><b>K\u00edch th\u00edch sinh tr\u01b0\u1edfng:<\/b><span style=\"font-weight: 400;\"> K\u00edch th\u00edch s\u1ef1 ph\u00e1t tri\u1ec3n c\u1ee7a r\u1ec5 c\u00e2y (R\u1ec5 kh\u1ecfe, b\u00e1m \u0111\u1ea5t s\u00e2u, t\u0103ng h\u1ea5p th\u1ee5) | Th\u00fac \u0111\u1ea9y s\u1ef1 ra hoa v\u00e0 \u0111\u1eadu tr\u00e1i (T\u0103ng n\u0103ng su\u1ea5t)\u00a0<\/span><\/p>\n<p><b>L\u1ee3i \u00edch dinh d\u01b0\u1ee1ng &amp; h\u1ea5p th\u1ee5:<\/b><span style=\"font-weight: 400;\"> T\u0103ng kh\u1ea3 n\u0103ng h\u1ea5p th\u1ee5 ch\u1ea5t dinh d\u01b0\u1ee1ng trong \u0111\u1ea5t c\u1ee7a c\u00e2y (T\u1ed1i \u01b0u h\u00f3a ph\u00e2n b\u00f3n) | T\u0103ng kh\u1ea3 n\u0103ng n\u1ea3y m\u1ea7m c\u1ee7a h\u1ea1t, v\u00e0 gi\u1ea3m s\u1ed1c khi gieo x\u1ea1 (T\u0103ng t\u1ec9 l\u1ec7 s\u1ed1ng s\u00f3t c\u1ee7a c\u00e2y con).<\/span><\/p>\n<p><b>C\u1ea3i t\u1ea1o \u0111\u1ea5t:<\/b><span style=\"font-weight: 400;\"> C\u1ea3i t\u1ea1o c\u1ea5u tr\u00fac \u0111\u1ea5t v\u00e0 t\u0103ng kh\u1ea3 n\u0103ng gi\u1eef n\u01b0\u1edbc c\u1ee7a \u0111\u1ea5t (C\u1ea3i thi\u1ec7n m\u00f4i tr\u01b0\u1eddng s\u1ed1ng c\u1ee7a r\u1ec5 nh\u1edd c\u00e1c Alginate t\u1ef1 nhi\u00ean &#8211; gi\u00fap \u0111\u1ea5t t\u01a1i x\u1ed1p, gi\u1eef \u1ea9m t\u1ed1t h\u01a1n).<\/span><\/p>\n<p><b><i>\u0110\u1eb7c bi\u1ec7t:\u00a0<\/i><\/b><\/p>\n<p><span style=\"font-weight: 400;\">C\u1ea3i thi\u1ec7n kh\u1ea3 n\u0103ng ch\u1ed1ng l\u1ea1i h\u1ea1n h\u00e1n v\u00e0 s\u01b0\u01a1ng gi\u00e1, gi\u00fap c\u00e2y v\u01b0\u1ee3t qua th\u1eddi ti\u1ebft kh\u1eafc nghi\u1ec7t.<\/span><\/p>\n<p><span style=\"font-weight: 400;\">T\u0103ng c\u01b0\u1eddng mi\u1ec5n d\u1ecbch t\u1ef1 nhi\u00ean gi\u00fap ng\u0103n ng\u1eeba s\u1ef1 t\u1ea5n c\u00f4ng c\u1ee7a s\u00e2u b\u1ec7nh v\u00e0 n\u1ea5m b\u1ec7nh tr\u00ean c\u00e2y.<\/span><\/p>\n<p><span style=\"font-weight: 400;\">Ch\u1ee9a c\u00e1c ch\u1ea5t ch\u1ed1ng oxy h\u00f3a t\u1ef1 nhi\u00ean v\u00e0 betaines gi\u00fap c\u00e2y ph\u1ee5c h\u1ed3i nhanh h\u01a1n sau c\u0103ng th\u1eb3ng.<br \/>\n<\/span><\/p>\n<p><b>HIGH SEAS<\/b><span style=\"font-weight: 400;\"> ph\u00f9 h\u1ee3p cho phun qua l\u00e1, t\u01b0\u1edbi ti\u00eau v\u00e0 b\u00f3n tr\u1ef1c ti\u1ebfp v\u00e0o \u0111\u1ea5t. N\u00ean s\u1eed d\u1ee5ng v\u00e0o l\u00fac <\/span><b>s\u00e1ng s\u1edbm ho\u1eb7c chi\u1ec1u m\u00e1t<\/b><span style=\"font-weight: 400;\">, pha theo t\u1ec9 l\u1ec7 <\/span><b>1:100 (1L t\u1ea3o bi\u1ec3n pha v\u1edbi 100L n\u01b0\u1edbc).<\/b><\/p>\n<ol>\n<li style=\"font-weight: 400;\" aria-level=\"1\"><span style=\"font-weight: 400;\">C\u00e2y \u0102n Tr\u00e1i (S\u1ea7u Ri\u00eang, Cam Qu\u00fdt, v\u00e0 c\u00e1c lo\u1ea1i c\u00e2y \u0103n qu\u1ea3 kh\u00e1c): Li\u1ec1u l\u01b0\u1ee3ng: 4L\/ha. Th\u1eddi \u0111i\u1ec3m: Phun tr\u00ean l\u00e1 v\u00e0o th\u1eddi \u0111i\u1ec3m \u0111\u00e2m ch\u1ed3i, v\u00e0 tr\u01b0\u1edbc khi hoa n\u1edf r\u1ed9 (giai \u0111o\u1ea1n quan tr\u1ecdng nh\u1ea5t). T\u01b0\u1edbi m\u1ed7i 3-4 tu\u1ea7n.<\/span><\/li>\n<li style=\"font-weight: 400;\" aria-level=\"1\"><span style=\"font-weight: 400;\">C\u00e2y l\u01b0\u01a1ng th\u1ef1c: Li\u1ec1u l\u01b0\u1ee3ng: 5L\/ha. Th\u1eddi \u0111i\u1ec3m: T\u01b0\u1edbi m\u1ed7i 3 tu\u1ea7n sau giai \u0111o\u1ea1n m\u1edbi ra l\u00e1.<\/span><\/li>\n<li style=\"font-weight: 400;\" aria-level=\"1\"><span style=\"font-weight: 400;\">Hoa ki\u1ec3ng v\u00e0 rau m\u00e0u: Li\u1ec1u l\u01b0\u1ee3ng: T\u01b0\u1edbi m\u1ed7i 2-3 tu\u1ea7n.<\/span><\/li>\n<li style=\"font-weight: 400;\" aria-level=\"1\"><span style=\"font-weight: 400;\">\u0110\u1ed3ng C\u1ecf: Li\u1ec1u l\u01b0\u1ee3ng: 10L\/ha. Th\u1eddi \u0111i\u1ec3m: T\u01b0\u1edbi h\u00e0ng th\u00e1ng.<\/span><\/li>\n<\/ol>\n<p>&nbsp;<\/p>\n<p>&nbsp;<\/p>\n","protected":false},"excerpt":{"rendered":"<p>HIGH SEAS l\u00e0 chi\u1ebft xu\u1ea5t d\u1ea1ng l\u1ecfng t\u1eeb lo\u00e0i T\u1ea3o B\u1eb9 B\u00f2 (Durvillea Potatorum) \u0111\u01b0\u1ee3c thu ho\u1ea1ch t\u1ea1i B\u1edd T\u00e2y bang Tasmania, \u00dac\u2014m\u1ed9t trong nh\u1eefng v\u00f9ng bi\u1ec3n s\u1ea1ch nh\u1ea5t th\u1ebf gi\u1edbi. Chi\u1ebft xu\u1ea5t T\u1ea3o B\u1eb9 &#8211; B\u00ed quy\u1ebft v\u00e0ng cho Rau M\u00e0u, C\u00e2y \u0102n Tr\u00e1i &amp; Hoa Ki\u1ec3ng. T\u1ea3o b\u1eb9 \u0111\u01b0\u1ee3c s\u1eed d\u1ee5ng nh\u01b0 m\u1ed9t ngu\u1ed3n dinh d\u01b0\u1ee1ng th\u1ef1c v\u1eadt h\u1eefu c\u01a1 phong ph\u00fa trong nhi\u1ec1u th\u1ebf k\u1ef7.\u00a0 T\u1ea3o b\u1eb9 \u0111\u01b0\u1ee3c x\u1eed l\u00fd b\u1eb1ng c\u00f4ng ngh\u1ec7 ti\u00ean ti\u1ebfn c\u1ee7a \u00dac v\u1edbi \u0111\u1ed9 pH t\u1ed1i \u01b0u, gi\u1ea3i ph\u00f3ng kho\u00e1ng ch\u1ea5t, nguy\u00ean t\u1ed1 vi l\u01b0\u1ee3ng, amino ax\u00edt thi\u1ebft y\u1ebfu v\u00e0 c\u00e1c hormone t\u0103ng tr\u01b0\u1edfng th\u1ef1c v\u1eadt t\u1ef1 nhi\u00ean (Auxin, Cytokinin, Gibberellin).\u00a0 Chi\u1ebft xu\u1ea5t t\u1ea3o bi\u1ec3n l\u00e0 gi\u1ea3i ph\u00e1p sinh h\u1ecdc \u0111\u01b0\u1ee3c \u1ee9ng d\u1ee5ng r\u1ed9ng r\u00e3i t\u1ea1i c\u00e1c qu\u1ed1c gia tr\u1ed3ng s\u1ea7u ri\u00eang th\u01b0\u01a1ng m\u1ea1i l\u1edbn nh\u01b0 Th\u00e1i Lan v\u00e0 Malaysia, \u0111\u1eb7c bi\u1ec7t nh\u1eb1m k\u00edch th\u00edch ph\u00e2n h\u00f3a m\u1ea7m hoa \u0111\u1ed3ng lo\u1ea1t v\u00e0 t\u0103ng c\u01b0\u1eddng ch\u1ea5t l\u01b0\u1ee3ng tr\u00e1i trong c\u00e1c ch\u01b0\u01a1ng tr\u00ecnh dinh d\u01b0\u1ee1ng c\u00e2y tr\u1ed3ng chuy\u00ean s\u00e2u. HIGH SEAS mang c\u00f4ng ngh\u1ec7 v\u00e0 hi\u1ec7u qu\u1ea3 \u0111\u00e3 \u0111\u01b0\u1ee3c ki\u1ec3m ch\u1ee9ng n\u00e0y \u0111\u1ebfn v\u1edbi b\u00e0 con n\u00f4ng d\u00e2n Vi\u1ec7t Nam, gi\u00fap t\u1ed1i \u01b0u h\u00f3a n\u0103ng su\u1ea5t, c\u1ea3i thi\u1ec7n \u0111\u1ed9 brix v\u00e0 ch\u1ea5t l\u01b0\u1ee3ng s\u1ea7u ri\u00eang xu\u1ea5t kh\u1ea9u. K\u00edch th\u00edch sinh tr\u01b0\u1edfng: K\u00edch th\u00edch s\u1ef1 ph\u00e1t tri\u1ec3n c\u1ee7a r\u1ec5 c\u00e2y (R\u1ec5 kh\u1ecfe, b\u00e1m \u0111\u1ea5t s\u00e2u, t\u0103ng h\u1ea5p th\u1ee5) | Th\u00fac \u0111\u1ea9y s\u1ef1 ra hoa v\u00e0 \u0111\u1eadu tr\u00e1i (T\u0103ng n\u0103ng su\u1ea5t)\u00a0 L\u1ee3i \u00edch dinh d\u01b0\u1ee1ng &amp; h\u1ea5p th\u1ee5: T\u0103ng kh\u1ea3 n\u0103ng h\u1ea5p th\u1ee5 ch\u1ea5t dinh d\u01b0\u1ee1ng trong \u0111\u1ea5t c\u1ee7a c\u00e2y (T\u1ed1i \u01b0u h\u00f3a ph\u00e2n b\u00f3n) | T\u0103ng kh\u1ea3 n\u0103ng n\u1ea3y m\u1ea7m c\u1ee7a h\u1ea1t, v\u00e0 gi\u1ea3m s\u1ed1c khi gieo x\u1ea1 (T\u0103ng t\u1ec9 l\u1ec7 s\u1ed1ng s\u00f3t c\u1ee7a c\u00e2y con). C\u1ea3i t\u1ea1o \u0111\u1ea5t: C\u1ea3i t\u1ea1o c\u1ea5u tr\u00fac \u0111\u1ea5t v\u00e0 t\u0103ng kh\u1ea3 n\u0103ng gi\u1eef n\u01b0\u1edbc c\u1ee7a \u0111\u1ea5t (C\u1ea3i thi\u1ec7n m\u00f4i tr\u01b0\u1eddng s\u1ed1ng c\u1ee7a r\u1ec5 nh\u1edd c\u00e1c Alginate t\u1ef1 nhi\u00ean &#8211; gi\u00fap \u0111\u1ea5t t\u01a1i x\u1ed1p, gi\u1eef \u1ea9m t\u1ed1t h\u01a1n). \u0110\u1eb7c bi\u1ec7t:\u00a0 C\u1ea3i thi\u1ec7n kh\u1ea3 n\u0103ng ch\u1ed1ng l\u1ea1i h\u1ea1n h\u00e1n v\u00e0 s\u01b0\u01a1ng gi\u00e1, gi\u00fap c\u00e2y v\u01b0\u1ee3t qua th\u1eddi ti\u1ebft kh\u1eafc nghi\u1ec7t. T\u0103ng c\u01b0\u1eddng mi\u1ec5n d\u1ecbch t\u1ef1 nhi\u00ean gi\u00fap ng\u0103n ng\u1eeba s\u1ef1 t\u1ea5n c\u00f4ng c\u1ee7a s\u00e2u b\u1ec7nh v\u00e0 n\u1ea5m b\u1ec7nh tr\u00ean c\u00e2y. Ch\u1ee9a c\u00e1c ch\u1ea5t ch\u1ed1ng oxy h\u00f3a t\u1ef1 nhi\u00ean v\u00e0 betaines gi\u00fap c\u00e2y ph\u1ee5c h\u1ed3i nhanh h\u01a1n sau c\u0103ng th\u1eb3ng. HIGH SEAS ph\u00f9 h\u1ee3p cho phun qua l\u00e1, t\u01b0\u1edbi ti\u00eau v\u00e0 b\u00f3n tr\u1ef1c ti\u1ebfp v\u00e0o \u0111\u1ea5t. N\u00ean s\u1eed d\u1ee5ng v\u00e0o l\u00fac s\u00e1ng s\u1edbm ho\u1eb7c chi\u1ec1u m\u00e1t, pha theo t\u1ec9 l\u1ec7 1:100 (1L t\u1ea3o bi\u1ec3n pha v\u1edbi 100L n\u01b0\u1edbc). C\u00e2y \u0102n Tr\u00e1i (S\u1ea7u Ri\u00eang, Cam Qu\u00fdt, v\u00e0 c\u00e1c lo\u1ea1i c\u00e2y \u0103n qu\u1ea3 kh\u00e1c): Li\u1ec1u l\u01b0\u1ee3ng: 4L\/ha. Th\u1eddi \u0111i\u1ec3m: Phun tr\u00ean l\u00e1 v\u00e0o th\u1eddi \u0111i\u1ec3m \u0111\u00e2m ch\u1ed3i, v\u00e0 tr\u01b0\u1edbc khi hoa n\u1edf r\u1ed9 (giai \u0111o\u1ea1n quan tr\u1ecdng nh\u1ea5t). T\u01b0\u1edbi m\u1ed7i 3-4 tu\u1ea7n. C\u00e2y l\u01b0\u01a1ng th\u1ef1c: Li\u1ec1u l\u01b0\u1ee3ng: 5L\/ha. Th\u1eddi \u0111i\u1ec3m: T\u01b0\u1edbi m\u1ed7i 3 tu\u1ea7n sau giai \u0111o\u1ea1n m\u1edbi ra l\u00e1. Hoa ki\u1ec3ng v\u00e0 rau m\u00e0u: Li\u1ec1u l\u01b0\u1ee3ng: T\u01b0\u1edbi m\u1ed7i 2-3 tu\u1ea7n. \u0110\u1ed3ng C\u1ecf: Li\u1ec1u l\u01b0\u1ee3ng: 10L\/ha. Th\u1eddi \u0111i\u1ec3m: T\u01b0\u1edbi h\u00e0ng th\u00e1ng. &nbsp; &nbsp;<\/p>\n","protected":false},"featured_media":1876,"comment_status":"open","ping_status":"closed","template":"","meta":[],"product_brand":[],"product_cat":[55,19],"product_tag":[],"class_list":{"0":"post-1872","1":"product","2":"type-product","3":"status-publish","4":"has-post-thumbnail","6":"product_cat-huu-co","7":"product_cat-phan-bon","9":"first","10":"instock","11":"shipping-taxable","12":"product-type-simple"},"_links":{"self":[{"href":"https:\/\/tranthingoan.vn\/index.php\/wp-json\/wp\/v2\/product\/1872","targetHints":{"allow":["GET"]}}],"collection":[{"href":"https:\/\/tranthingoan.vn\/index.php\/wp-json\/wp\/v2\/product"}],"about":[{"href":"https:\/\/tranthingoan.vn\/index.php\/wp-json\/wp\/v2\/types\/product"}],"replies":[{"embeddable":true,"href":"https:\/\/tranthingoan.vn\/index.php\/wp-json\/wp\/v2\/comments?post=1872"}],"wp:featuredmedia":[{"embeddable":true,"href":"https:\/\/tranthingoan.vn\/index.php\/wp-json\/wp\/v2\/media\/1876"}],"wp:attachment":[{"href":"https:\/\/tranthingoan.vn\/index.php\/wp-json\/wp\/v2\/media?parent=1872"}],"wp:term":[{"taxonomy":"product_brand","embeddable":true,"href":"https:\/\/tranthingoan.vn\/index.php\/wp-json\/wp\/v2\/product_brand?post=1872"},{"taxonomy":"product_cat","embeddable":true,"href":"https:\/\/tranthingoan.vn\/index.php\/wp-json\/wp\/v2\/product_cat?post=1872"},{"taxonomy":"product_tag","embeddable":true,"href":"https:\/\/tranthingoan.vn\/index.php\/wp-json\/wp\/v2\/product_tag?post=1872"}],"curies":[{"name":"wp","href":"https:\/\/api.w.org\/{rel}","templated":true}]}}