{"id":263,"date":"2025-09-13T06:39:31","date_gmt":"2025-09-13T06:39:31","guid":{"rendered":"https:\/\/tranthingoan.vn\/?post_type=product&#038;p=263"},"modified":"2025-09-22T00:27:17","modified_gmt":"2025-09-21T17:27:17","slug":"npk-phu-my-15-15-15te","status":"publish","type":"product","link":"https:\/\/tranthingoan.vn\/index.php\/san-pham\/npk-phu-my-15-15-15te\/","title":{"rendered":"NPK Ph\u00fa M\u1ef9 15-15-15+TE"},"content":{"rendered":"<p><strong>*C\u00d4NG D\u1ee4NG:<\/strong><br \/>\n\u2013 \u0110\u00e1p \u1ee9ng nhu c\u1ea7u dinh d\u01b0\u1ee1ng c\u1ee7a nhi\u1ec1u lo\u1ea1i c\u00e2y tr\u1ed3ng.<br \/>\n\u2013 H\u1ea5p thu nhanh: D\u1ec5 d\u00e0ng h\u00f2a tan v\u00e0 h\u1ea5p thu b\u1edfi c\u00e2y tr\u1ed3ng.<br \/>\n\u2013 T\u0103ng n\u0103ng su\u1ea5t: Gi\u00fap c\u00e2y tr\u1ed3ng ph\u00e1t tri\u1ec3n kh\u1ecfe m\u1ea1nh, cho n\u0103ng su\u1ea5t cao v\u00e0 ch\u1ea5t l\u01b0\u1ee3ng t\u1ed1t.<br \/>\n\u2013 An to\u00e0n: Kh\u00f4ng g\u00e2y h\u1ea1i cho m\u00f4i tr\u01b0\u1eddng v\u00e0 con ng\u01b0\u1eddi khi s\u1eed d\u1ee5ng \u0111\u00fang c\u00e1ch.<\/p>\n<p><strong>*TH\u00c0NH PH\u1ea6N:<\/strong><br \/>\n\u2013 \u0110\u1ea1m T\u1ed5ng s\u1ed1 (Nts): 15%;<br \/>\n\u2013 L\u00e2n h\u1eefu hi\u1ec7u (P2O5hh): 15%;<br \/>\n\u2013 Kali h\u1eefu hi\u1ec7u (K2Ohh): 15%;<br \/>\n\u2013 TE (Zn: 50ppm;<br \/>\n\u2013 B: 50ppm);<br \/>\n\u2013 \u0110\u1ed9 \u1ea9m: 5%.<\/p>\n<p><strong>*H\u01af\u1edaNG D\u1eaaN B\u00d3N:<\/strong><br \/>\n\u2013 C\u00e2y l\u01b0\u01a1ng th\u1ef1c:<br \/>\n+ B\u00f3n l\u00f3t: 50 \u2013 200 kg\/ha<br \/>\n+ B\u00f3n th\u00fac: 50 \u2013 300 kg\/ha\/v\u1ee5<br \/>\n\u2013 C\u00e2y c\u00f4ng nghi\u1ec7p:<br \/>\n+ B\u00f3n l\u00f3t: 50 \u2013 500 kg\/ha<br \/>\n+ B\u00f3n th\u00fac: 50 \u2013 800 kg\/ha\/v\u1ee5<br \/>\n\u2013 C\u00e2y \u0103n qu\u1ea3 (tr\u00e1i):<br \/>\n+ B\u00f3n l\u00f3t: 50 \u2013 500 kg\/ha<br \/>\n+ B\u00f3n th\u00fac: 50 \u2013 800 kg\/ha\/v\u1ee5<br \/>\n\u2013 C\u00e2y rau, m\u00e0u:<br \/>\n+ B\u00f3n l\u00f3t: 50 \u2013 200 kg\/ha<br \/>\n+ B\u00f3n th\u00fac: 50 \u2013 300 kg\/ha\/v\u1ee5<\/p>\n","protected":false},"excerpt":{"rendered":"<div class=\"price\">Th\u00e0nh Ph\u1ea7n :<\/div>\n<div class=\"product-short-description\">\n<p>\u2013 \u0110\u1ea1m T\u1ed5ng s\u1ed1 (Nts): 15%;<br \/>\n\u2013 L\u00e2n h\u1eefu hi\u1ec7u (P2O5hh): 15%;<br \/>\n\u2013 Kali h\u1eefu hi\u1ec7u (K2Ohh): 15%;<br \/>\n\u2013 TE (Zn: 50ppm;<br \/>\n\u2013 B: 50ppm);<br \/>\n\u2013 \u0110\u1ed9 \u1ea9m: 5%.<\/p>\n<\/div>\n<div class=\"product_meta\">\n<p><span class=\"sku_wrapper\">SKU: <span class=\"sku\">npk-phu-my-15-15-15te<\/span><\/span><\/p>\n<p>&nbsp;<\/p>\n<\/div>\n","protected":false},"featured_media":264,"comment_status":"open","ping_status":"closed","template":"","meta":[],"product_brand":[],"product_cat":[19,21],"product_tag":[],"class_list":{"0":"post-263","1":"product","2":"type-product","3":"status-publish","4":"has-post-thumbnail","6":"product_cat-phan-bon","7":"product_cat-phu-my","9":"first","10":"instock","11":"shipping-taxable","12":"product-type-simple"},"_links":{"self":[{"href":"https:\/\/tranthingoan.vn\/index.php\/wp-json\/wp\/v2\/product\/263","targetHints":{"allow":["GET"]}}],"collection":[{"href":"https:\/\/tranthingoan.vn\/index.php\/wp-json\/wp\/v2\/product"}],"about":[{"href":"https:\/\/tranthingoan.vn\/index.php\/wp-json\/wp\/v2\/types\/product"}],"replies":[{"embeddable":true,"href":"https:\/\/tranthingoan.vn\/index.php\/wp-json\/wp\/v2\/comments?post=263"}],"wp:featuredmedia":[{"embeddable":true,"href":"https:\/\/tranthingoan.vn\/index.php\/wp-json\/wp\/v2\/media\/264"}],"wp:attachment":[{"href":"https:\/\/tranthingoan.vn\/index.php\/wp-json\/wp\/v2\/media?parent=263"}],"wp:term":[{"taxonomy":"product_brand","embeddable":true,"href":"https:\/\/tranthingoan.vn\/index.php\/wp-json\/wp\/v2\/product_brand?post=263"},{"taxonomy":"product_cat","embeddable":true,"href":"https:\/\/tranthingoan.vn\/index.php\/wp-json\/wp\/v2\/product_cat?post=263"},{"taxonomy":"product_tag","embeddable":true,"href":"https:\/\/tranthingoan.vn\/index.php\/wp-json\/wp\/v2\/product_tag?post=263"}],"curies":[{"name":"wp","href":"https:\/\/api.w.org\/{rel}","templated":true}]}}