{"id":870,"date":"2026-01-02T17:03:58","date_gmt":"2026-01-02T10:03:58","guid":{"rendered":"https:\/\/tranthingoan.vn\/?post_type=product&#038;p=870"},"modified":"2026-01-02T18:30:13","modified_gmt":"2026-01-02T11:30:13","slug":"npk-phu-my-16-16-813ste","status":"publish","type":"product","link":"https:\/\/tranthingoan.vn\/index.php\/san-pham\/npk-phu-my-16-16-813ste\/","title":{"rendered":"NPK Ph\u00fa M\u1ef9 16-16-8+13S+TE"},"content":{"rendered":"<p><strong>Th\u00f4ng tin s\u1ea3n ph\u1ea9m<\/strong><\/p>\n<p><span style=\"font-weight: 400;\">M\u00e3 s\u1ed1: 00061<\/span><\/p>\n<p><span style=\"font-weight: 400;\">Lo\u1ea1i ph\u00e2n: Ph\u00e2n b\u00f3n NPK b\u1ed5 sung trung, vi l\u01b0\u1ee3ng<\/span><\/p>\n<p><span style=\"font-weight: 400;\">Th\u00e0nh ph\u1ea7n: \u0110\u1ea1m T\u1ed5ng s\u1ed1 (Nts): 16%; L\u00e2n h\u1eefu hi\u1ec7u (P2O5hh): 16%; Kali h\u1eefu hi\u1ec7u (K2Ohh): 8%; L\u01b0u hu\u1ef3nh (S): 13%; TE (Zn: 50ppm; B: 50ppm); \u0110\u1ed9 \u1ea9m: 5%.<\/span><\/p>\n<p><span style=\"font-weight: 400;\"><strong>C\u00e1ch s\u1eed d\u1ee5ng<\/strong>: B\u00f3n r\u1ec5 (h,v)<\/span><\/p>\n<p><span style=\"font-weight: 400;\"><strong>H\u1ea1n s\u1eed d\u1ee5ng<\/strong>: 24 th\u00e1ng (K\u1ec3 t\u1eeb ng\u00e0y s\u1ea3n xu\u1ea5t)<\/span><\/p>\n<p><span style=\"font-weight: 400;\"><strong>\u0110\u1eb7c t\u00ednh<\/strong>: H\u1ea1t tr\u00f2n, \u0111\u1ed3ng \u0111\u1ec1u tan nhanh gi\u00fap c\u00e2y tr\u1ed3ng h\u1ea5p th\u1ee5 dinh d\u01b0\u1ee1ng \u0111\u1ea7y \u0111\u1ee7, c\u00e2n \u0111\u1ed1i. Cung c\u1ea5p \u0111a, trung, vi l\u01b0\u1ee3ng h\u1eefu hi\u1ec7u, h\u1ee3p l\u00fd,.. gi\u00fap c\u00e2y kh\u1ecfe ngay t\u1eeb giai \u0111o\u1ea1n n\u1ea3y m\u1ea7m\/c\u00e2y con. S\u1ea3n ph\u1ea9m ph\u00f9 h\u1ee3p v\u1edbi c\u00e1c lo\u1ea1i c\u00e2y tr\u1ed3ng kh\u00e1c nhau, b\u00f3n l\u00f3t v\u00e0 b\u00f3n th\u00fac hi\u1ec7u qu\u1ea3<\/span><\/p>\n<p><span style=\"font-weight: 400;\">S\u1eed d\u1ee5ng cho: C\u00e2y l\u01b0\u01a1ng th\u1ef1c; C\u00e2y c\u00f4ng nghi\u1ec7p; C\u00e2y \u0103n qu\u1ea3 (tr\u00e1i); C\u00e2y rau, m\u00e0u<\/span><\/p>\n<p>&nbsp;<\/p>\n","protected":false},"excerpt":{"rendered":"<p>Th\u00f4ng tin s\u1ea3n ph\u1ea9m M\u00e3 s\u1ed1: 00061 Lo\u1ea1i ph\u00e2n: Ph\u00e2n b\u00f3n NPK b\u1ed5 sung trung, vi l\u01b0\u1ee3ng Th\u00e0nh ph\u1ea7n: \u0110\u1ea1m T\u1ed5ng s\u1ed1 (Nts): 16%; L\u00e2n h\u1eefu hi\u1ec7u (P2O5hh): 16%; Kali h\u1eefu hi\u1ec7u (K2Ohh): 8%; L\u01b0u hu\u1ef3nh (S): 13%; TE (Zn: 50ppm; B: 50ppm); \u0110\u1ed9 \u1ea9m: 5%. C\u00e1ch s\u1eed d\u1ee5ng: B\u00f3n r\u1ec5 (h,v) H\u1ea1n s\u1eed d\u1ee5ng: 24 th\u00e1ng (K\u1ec3 t\u1eeb ng\u00e0y s\u1ea3n xu\u1ea5t) \u0110\u1eb7c t\u00ednh: H\u1ea1t tr\u00f2n, \u0111\u1ed3ng \u0111\u1ec1u tan nhanh gi\u00fap c\u00e2y tr\u1ed3ng h\u1ea5p th\u1ee5 dinh d\u01b0\u1ee1ng \u0111\u1ea7y \u0111\u1ee7, c\u00e2n \u0111\u1ed1i. Cung c\u1ea5p \u0111a, trung, vi l\u01b0\u1ee3ng h\u1eefu hi\u1ec7u, h\u1ee3p l\u00fd,.. gi\u00fap c\u00e2y kh\u1ecfe ngay t\u1eeb giai \u0111o\u1ea1n n\u1ea3y m\u1ea7m\/c\u00e2y con. S\u1ea3n ph\u1ea9m ph\u00f9 h\u1ee3p v\u1edbi c\u00e1c lo\u1ea1i c\u00e2y tr\u1ed3ng kh\u00e1c nhau, b\u00f3n l\u00f3t v\u00e0 b\u00f3n th\u00fac hi\u1ec7u qu\u1ea3 S\u1eed d\u1ee5ng cho: C\u00e2y l\u01b0\u01a1ng th\u1ef1c; C\u00e2y c\u00f4ng nghi\u1ec7p; C\u00e2y \u0103n qu\u1ea3 (tr\u00e1i); C\u00e2y rau, m\u00e0u &nbsp;<\/p>\n","protected":false},"featured_media":942,"comment_status":"open","ping_status":"closed","template":"","meta":[],"product_brand":[],"product_cat":[19,21],"product_tag":[],"class_list":{"0":"post-870","1":"product","2":"type-product","3":"status-publish","4":"has-post-thumbnail","6":"product_cat-phan-bon","7":"product_cat-phu-my","9":"first","10":"instock","11":"shipping-taxable","12":"product-type-simple"},"_links":{"self":[{"href":"https:\/\/tranthingoan.vn\/index.php\/wp-json\/wp\/v2\/product\/870","targetHints":{"allow":["GET"]}}],"collection":[{"href":"https:\/\/tranthingoan.vn\/index.php\/wp-json\/wp\/v2\/product"}],"about":[{"href":"https:\/\/tranthingoan.vn\/index.php\/wp-json\/wp\/v2\/types\/product"}],"replies":[{"embeddable":true,"href":"https:\/\/tranthingoan.vn\/index.php\/wp-json\/wp\/v2\/comments?post=870"}],"wp:featuredmedia":[{"embeddable":true,"href":"https:\/\/tranthingoan.vn\/index.php\/wp-json\/wp\/v2\/media\/942"}],"wp:attachment":[{"href":"https:\/\/tranthingoan.vn\/index.php\/wp-json\/wp\/v2\/media?parent=870"}],"wp:term":[{"taxonomy":"product_brand","embeddable":true,"href":"https:\/\/tranthingoan.vn\/index.php\/wp-json\/wp\/v2\/product_brand?post=870"},{"taxonomy":"product_cat","embeddable":true,"href":"https:\/\/tranthingoan.vn\/index.php\/wp-json\/wp\/v2\/product_cat?post=870"},{"taxonomy":"product_tag","embeddable":true,"href":"https:\/\/tranthingoan.vn\/index.php\/wp-json\/wp\/v2\/product_tag?post=870"}],"curies":[{"name":"wp","href":"https:\/\/api.w.org\/{rel}","templated":true}]}}