{"id":921,"date":"2026-01-02T18:09:44","date_gmt":"2026-01-02T11:09:44","guid":{"rendered":"https:\/\/tranthingoan.vn\/?post_type=product&#038;p=921"},"modified":"2026-01-02T18:09:44","modified_gmt":"2026-01-02T11:09:44","slug":"npk-ca-mau-16-16-10","status":"publish","type":"product","link":"https:\/\/tranthingoan.vn\/index.php\/san-pham\/npk-ca-mau-16-16-10\/","title":{"rendered":"NPK C\u00c0 MAU 16-16-10"},"content":{"rendered":"<p><strong>\u0110\u1eb7c \u0111i\u1ec3m n\u1ed5i b\u1eadt:<\/strong><\/p>\n<ol>\n<li>Gi\u00fap c\u00e2y sinh tr\u01b0\u1edfng, ph\u00e1t tri\u1ec3n t\u1ed1t.<\/li>\n<li>T\u0103ng n\u0103ng su\u1ea5t v\u00e0 ch\u1ea5t l\u01b0\u1ee3ng n\u00f4ng s\u1ea3n.<\/li>\n<li>T\u0103ng c\u01b0\u1eddng dinh d\u01b0\u1ee1ng cho \u0111\u1ea5t.<\/li>\n<\/ol>\n<p><strong>Th\u00f4ng tin s\u1ea3n ph\u1ea9m<\/strong><\/p>\n<p>\u0110\u00f3ng g\u00f3i: Ph\u00e2n b\u00f3n h\u1ed7n h\u1ee3p NPK \u201cNPK C\u00e0 Mau 16-16-10\u201d \u0111\u01b0\u1ee3c \u0111\u00f3ng g\u00f3i b\u1eb1ng 2 l\u1edbp bao, l\u1edbp b\u00ean ngo\u00e0i b\u1eb1ng v\u1eadt li\u1ec7u PP, l\u1edbp b\u00ean trong b\u1eb1ng v\u1eadt li\u1ec7u PE, \u0111\u1ea3m b\u1ea3o gi\u00fap s\u1ea3n ph\u1ea9m kh\u00f4ng b\u1ecb h\u00fat \u1ea9m v\u00e0 kh\u00f4ng b\u1ecb r\u00e1ch, v\u1ee1 khi v\u1eadn chuy\u1ec3n;<\/p>\n<p>V\u1eadn chuy\u1ec3n, b\u1ed1c x\u1ebfp: Khi v\u1eadn chuy\u1ec3n, ph\u01b0\u01a1ng ti\u1ec7n ph\u1ea3i \u0111\u1ea3m b\u1ea3o s\u1ea1ch s\u1ebd, kh\u00f4 r\u00e1o v\u00e0 \u0111\u01b0\u1ee3c che m\u01b0a n\u1eafng. Kh\u00f4ng s\u1eed d\u1ee5ng m\u00f3c \u0111\u1ec3 b\u1ed1c d\u1ee1 s\u1ea3n ph\u1ea9m.<\/p>\n<p>B\u1ea3o qu\u1ea3n: b\u1ea3o qu\u1ea3n n\u01a1i th\u00f4ng tho\u00e1ng, kh\u00f4 r\u00e1o, \u0111\u01b0\u1ee3c che m\u01b0a n\u1eafng, kh\u00f4ng \u0111\u1ec3 tr\u1ef1c ti\u1ebfp l\u00ean s\u00e0n nh\u00e0 \u1ea9m \u01b0\u1edbt.<\/p>\n<p><strong>Th\u1eddi h\u1ea1n s\u1eed d\u1ee5ng: 36 th\u00e1ng k\u1ec3 t\u1eeb ng\u00e0y s\u1ea3n xu\u1ea5t<\/strong><\/p>\n<p><strong>Ng\u00e0y s\u1ea3n xu\u1ea5t: In tr\u1ef1c ti\u1ebfp tr\u00ean bao b\u00ec<\/strong><\/p>\n<p><strong>H\u01b0\u1edbng d\u1eabn s\u1eed d\u1ee5ng<\/strong><\/p>\n<p>Chuy\u00ean d\u00f9ng cho c\u00e2y l\u00faa.<\/p>\n<p>L\u01b0\u1ee3ng b\u00f3n v\u00e0 th\u1eddi k\u1ef3 b\u00f3n: 130-160 kg\/ha\/l\u1ea7n (2-3 l\u1ea7n\/v\u1ee5: 7-10 ng\u00e0y sau s\u1ea1\/18-22 ng\u00e0y sau s\u1ea1\/38-42 ng\u00e0y sau s\u1ea1)<\/p>\n","protected":false},"excerpt":{"rendered":"<p>\u0110\u1eb7c \u0111i\u1ec3m n\u1ed5i b\u1eadt: Gi\u00fap c\u00e2y sinh tr\u01b0\u1edfng, ph\u00e1t tri\u1ec3n t\u1ed1t. T\u0103ng n\u0103ng su\u1ea5t v\u00e0 ch\u1ea5t l\u01b0\u1ee3ng n\u00f4ng s\u1ea3n. T\u0103ng c\u01b0\u1eddng dinh d\u01b0\u1ee1ng cho \u0111\u1ea5t. Th\u00f4ng tin s\u1ea3n ph\u1ea9m \u0110\u00f3ng g\u00f3i: Ph\u00e2n b\u00f3n h\u1ed7n h\u1ee3p NPK \u201cNPK C\u00e0 Mau 16-16-10\u201d \u0111\u01b0\u1ee3c \u0111\u00f3ng g\u00f3i b\u1eb1ng 2 l\u1edbp bao, l\u1edbp b\u00ean ngo\u00e0i b\u1eb1ng v\u1eadt li\u1ec7u PP, l\u1edbp b\u00ean trong b\u1eb1ng v\u1eadt li\u1ec7u PE, \u0111\u1ea3m b\u1ea3o gi\u00fap s\u1ea3n ph\u1ea9m kh\u00f4ng b\u1ecb h\u00fat \u1ea9m v\u00e0 kh\u00f4ng b\u1ecb r\u00e1ch, v\u1ee1 khi v\u1eadn chuy\u1ec3n; V\u1eadn chuy\u1ec3n, b\u1ed1c x\u1ebfp: Khi v\u1eadn chuy\u1ec3n, ph\u01b0\u01a1ng ti\u1ec7n ph\u1ea3i \u0111\u1ea3m b\u1ea3o s\u1ea1ch s\u1ebd, kh\u00f4 r\u00e1o v\u00e0 \u0111\u01b0\u1ee3c che m\u01b0a n\u1eafng. Kh\u00f4ng s\u1eed d\u1ee5ng m\u00f3c \u0111\u1ec3 b\u1ed1c d\u1ee1 s\u1ea3n ph\u1ea9m. B\u1ea3o qu\u1ea3n: b\u1ea3o qu\u1ea3n n\u01a1i th\u00f4ng tho\u00e1ng, kh\u00f4 r\u00e1o, \u0111\u01b0\u1ee3c che m\u01b0a n\u1eafng, kh\u00f4ng \u0111\u1ec3 tr\u1ef1c ti\u1ebfp l\u00ean s\u00e0n nh\u00e0 \u1ea9m \u01b0\u1edbt. Th\u1eddi h\u1ea1n s\u1eed d\u1ee5ng: 36 th\u00e1ng k\u1ec3 t\u1eeb ng\u00e0y s\u1ea3n xu\u1ea5t Ng\u00e0y s\u1ea3n xu\u1ea5t: In tr\u1ef1c ti\u1ebfp tr\u00ean bao b\u00ec H\u01b0\u1edbng d\u1eabn s\u1eed d\u1ee5ng Chuy\u00ean d\u00f9ng cho c\u00e2y l\u00faa. L\u01b0\u1ee3ng b\u00f3n v\u00e0 th\u1eddi k\u1ef3 b\u00f3n: 130-160 kg\/ha\/l\u1ea7n (2-3 l\u1ea7n\/v\u1ee5: 7-10 ng\u00e0y sau s\u1ea1\/18-22 ng\u00e0y sau s\u1ea1\/38-42 ng\u00e0y sau s\u1ea1)<\/p>\n","protected":false},"featured_media":935,"comment_status":"open","ping_status":"closed","template":"","meta":[],"product_brand":[],"product_cat":[20,19],"product_tag":[],"class_list":{"0":"post-921","1":"product","2":"type-product","3":"status-publish","4":"has-post-thumbnail","6":"product_cat-ca-mau","7":"product_cat-phan-bon","9":"first","10":"instock","11":"shipping-taxable","12":"product-type-simple"},"_links":{"self":[{"href":"https:\/\/tranthingoan.vn\/index.php\/wp-json\/wp\/v2\/product\/921","targetHints":{"allow":["GET"]}}],"collection":[{"href":"https:\/\/tranthingoan.vn\/index.php\/wp-json\/wp\/v2\/product"}],"about":[{"href":"https:\/\/tranthingoan.vn\/index.php\/wp-json\/wp\/v2\/types\/product"}],"replies":[{"embeddable":true,"href":"https:\/\/tranthingoan.vn\/index.php\/wp-json\/wp\/v2\/comments?post=921"}],"wp:featuredmedia":[{"embeddable":true,"href":"https:\/\/tranthingoan.vn\/index.php\/wp-json\/wp\/v2\/media\/935"}],"wp:attachment":[{"href":"https:\/\/tranthingoan.vn\/index.php\/wp-json\/wp\/v2\/media?parent=921"}],"wp:term":[{"taxonomy":"product_brand","embeddable":true,"href":"https:\/\/tranthingoan.vn\/index.php\/wp-json\/wp\/v2\/product_brand?post=921"},{"taxonomy":"product_cat","embeddable":true,"href":"https:\/\/tranthingoan.vn\/index.php\/wp-json\/wp\/v2\/product_cat?post=921"},{"taxonomy":"product_tag","embeddable":true,"href":"https:\/\/tranthingoan.vn\/index.php\/wp-json\/wp\/v2\/product_tag?post=921"}],"curies":[{"name":"wp","href":"https:\/\/api.w.org\/{rel}","templated":true}]}}