{"id":922,"date":"2026-01-02T18:07:59","date_gmt":"2026-01-02T11:07:59","guid":{"rendered":"https:\/\/tranthingoan.vn\/?post_type=product&#038;p=922"},"modified":"2026-01-02T18:08:00","modified_gmt":"2026-01-02T11:08:00","slug":"npk-ca-mau-16-16-8te","status":"publish","type":"product","link":"https:\/\/tranthingoan.vn\/index.php\/san-pham\/npk-ca-mau-16-16-8te\/","title":{"rendered":"NPK C\u00c0 MAU 16-16-8+TE"},"content":{"rendered":"<p><strong>\u0110\u1eb7c \u0111i\u1ec3m n\u1ed5i b\u1eadt:<\/strong><\/p>\n<p>1.T\u0103ng sinh tr\u01b0\u1edfng, ph\u00e1t tri\u1ec3n v\u00e0 h\u1ea1n ch\u1ebf s\u00e2u b\u1ec7nh<br \/>\n2. T\u0103ng n\u0103ng su\u1ea5t, ch\u1ea5t l\u01b0\u1ee3ng n\u00f4ng s\u1ea3n v\u00e0 l\u1ee3i nhu\u1eadn<br \/>\n3. C\u1ea3i thi\u1ec7n \u0111\u1ed9 ph\u00ec nhi\u00eau c\u1ee7a \u0111\u1ea5t.<\/p>\n<p><strong>H\u01b0\u1edbng d\u1eabn s\u1eed d\u1ee5ng<\/strong><\/p>\n<p>L\u01b0\u1ee3ng b\u00f3n v\u00e0 th\u1eddi k\u1ef3 b\u00f3n cho c\u00e1c lo\u1ea1i c\u00e2y tr\u1ed3ng:<\/p>\n<ul>\n<li aria-level=\"1\">L\u00faa: 80-120 kg\/l\u1ea7n (2-3 l\u1ea7n\/v\u1ee5: 7-10 ng\u00e0y sau s\u1ea1\/18-22 ng\u00e0y sau s\u1ea1\/ 38-42 ng\u00e0y sau s\u1ea1)<\/li>\n<\/ul>\n<ul>\n<li aria-level=\"1\">Ng\u00f4: 100-150 kg\/ha\/l\u1ea7n (3 l\u1ea7n\/v\u1ee5: 7-10 ng\u00e0y sau khi tr\u1ed3ng\/20-30 ng\u00e0y sau khi tr\u1ed3ng\/40-50 ng\u00e0y sau khi tr\u1ed3ng)<\/li>\n<\/ul>\n<ul>\n<li aria-level=\"1\">M\u00eda: 300-400 kg\/ha\/l\u1ea7n (3 l\u1ea7n\/v\u1ee5: 15-20 ng\u00e0y sau tr\u1ed3ng\/2-3 th\u00e1ng sau tr\u1ed3ng\/4-5 th\u00e1ng sau tr\u1ed3ng)<\/li>\n<\/ul>\n<ul>\n<li aria-level=\"1\">Thanh long: Giai \u0111o\u1ea1n ki\u1ebfn thi\u1ebft c\u01a1 b\u1ea3n b\u00f3n 100-200 kg\/ha\/l\u1ea7n (3 l\u1ea7n\/n\u0103m: 4 th\u00e1ng\/l\u1ea7n). Giai \u0111o\u1ea1n kinh doanh: Thanh long ch\u00ednh v\u1ee5 b\u00f3n 250-400 g\/tr\u1ee5\/th\u00e1ng; thanh long x\u1eed l\u00fd \u0111\u00e8n b\u00f3n 300-500 g\/tr\u1ee5\/l\u1ea7n (3 l\u1ea7n: l\u00fac t\u1ec9a c\u00e0nh\/l\u00fac ra n\u1ee5\/l\u00fac hoa h\u00e9o)<\/li>\n<\/ul>\n<ul>\n<li aria-level=\"1\">C\u00e2y \u0103n tr\u00e1i kh\u00e1c (xo\u00e0i, nh\u00e3n, b\u01b0\u1edfi, ch\u00f4m ch\u00f4m): Giai \u0111o\u1ea1n ki\u1ebfn thi\u1ebft c\u01a1 b\u1ea3n b\u00f3n 150-350 g\/c\u00e2y\/l\u1ea7n (4 l\u1ea7n\/n\u0103m: 3 th\u00e1ng\/l\u1ea7n). Giai \u0111o\u1ea1n kinh doanh b\u00f3n 300-600 g\/c\u00e2y\/l\u1ea7n (4-5 l\u1ea7n\/n\u0103m: sau thu ho\u1ea1ch b\u00f3n 1-2 l\u1ea7n\/sau \u0111\u1eadu tr\u00e1i\/tr\u00e1i ph\u00e1t tri\u1ec3n b\u00f3n 1-2 l\u1ea7n)<\/li>\n<\/ul>\n<ul>\n<li aria-level=\"1\">Rau \u0103n tr\u00e1i (d\u01b0a h\u1ea5u, \u1edbt, c\u00e0 chua): B\u00f3n 100-150 kg\/ha (b\u00f3n l\u00f3t ho\u1eb7c 7-10 ng\u00e0y sau tr\u1ed3ng); B\u00f3n th\u00fac 150-250 kg\/ha\/l\u1ea7n (1-3 l\u1ea7n\/v\u1ee5: 20-25 ng\u00e0y sau tr\u1ed3ng\/tr\u00e1i ph\u00e1t tri\u1ec3n b\u00f3n 1-2 l\u1ea7n)<\/li>\n<\/ul>\n<ul>\n<li aria-level=\"1\">Rau \u0103n l\u00e1 ng\u1eafn ng\u00e0y: 150-200 kg\/ha\/l\u1ea7n (2 l\u1ea7n\/v\u1ee5: b\u00f3n l\u00f3t ho\u1eb7c 7-10 ng\u00e0y sau tr\u1ed3ng\/20-30 ng\u00e0y sau tr\u1ed3ng)<\/li>\n<\/ul>\n<ul>\n<li aria-level=\"1\">C\u00e0 ph\u00ea: Giai \u0111o\u1ea1n ki\u1ebfn thi\u1ebft c\u01a1 b\u1ea3n b\u00f3n 150-250 kg\/ha\/l\u1ea7n (4 l\u1ea7n\/n\u0103m: 3 th\u00e1ng\/l\u1ea7n). Giai \u0111o\u1ea1n kinh doanh (4 l\u1ea7n\/n\u0103m): m\u00f9a kh\u00f4 b\u00f3n 150-200 kg\/ha; M\u00f9a m\u01b0a b\u00f3n 400-500 kg\/ha\/l\u1ea7n (3 l\u1ea7n: \u0111\u1ea7u m\u00f9a m\u01b0a\/gi\u1eefa m\u00f9a m\u01b0a\/cu\u1ed1i m\u00f9a m\u01b0a)<\/li>\n<\/ul>\n<ul>\n<li aria-level=\"1\">H\u1ed3 ti\u00eau: Giai \u0111o\u1ea1n ki\u1ebfn thi\u1ebft c\u01a1 b\u1ea3n b\u00f3n 150-250 g\/tr\u1ee5\/l\u1ea7n (4 l\u1ea7n\/n\u0103m: 4 th\u00e1ng\/l\u1ea7n). Giai \u0111o\u1ea1n kinh doanh: m\u00f9a kh\u00f4 b\u00f3n 150-250 g\/tr\u1ee5\/l\u1ea7n; m\u00f9a m\u01b0a b\u00f3n 400-500 g\/tr\u1ee5\/l\u1ea7n (3 l\u1ea7n\/n\u0103m: \u0111\u1ea7u m\u00f9a m\u01b0a\/gi\u1eefa m\u00f9a m\u01b0a\/cu\u1ed1i m\u00f9a m\u01b0a)<\/li>\n<\/ul>\n<ul>\n<li aria-level=\"1\">Ch\u00e8: 200-300 kg\/ha\/l\u1ea7n (b\u00f3n 6-7 l\u1ea7n\/n\u0103m theo chu k\u1ef3 thu ho\u1ea1ch)<\/li>\n<\/ul>\n<ul>\n<li aria-level=\"1\">Cao su (giai \u0111o\u1ea1n kinh doanh): 150-200 kg\/ha\/l\u1ea7n (2-3 l\u1ea7n\/n\u0103m: \u0111\u1ea7u m\u00f9a m\u01b0a\/gi\u1eefa m\u00f9a m\u01b0a\/cu\u1ed1i m\u00f9a m\u01b0a)<\/li>\n<\/ul>\n<p>&nbsp;<\/p>\n","protected":false},"excerpt":{"rendered":"<p>\u0110\u1eb7c \u0111i\u1ec3m n\u1ed5i b\u1eadt: 1.T\u0103ng sinh tr\u01b0\u1edfng, ph\u00e1t tri\u1ec3n v\u00e0 h\u1ea1n ch\u1ebf s\u00e2u b\u1ec7nh 2. T\u0103ng n\u0103ng su\u1ea5t, ch\u1ea5t l\u01b0\u1ee3ng n\u00f4ng s\u1ea3n v\u00e0 l\u1ee3i nhu\u1eadn 3. C\u1ea3i thi\u1ec7n \u0111\u1ed9 ph\u00ec nhi\u00eau c\u1ee7a \u0111\u1ea5t. H\u01b0\u1edbng d\u1eabn s\u1eed d\u1ee5ng L\u01b0\u1ee3ng b\u00f3n v\u00e0 th\u1eddi k\u1ef3 b\u00f3n cho c\u00e1c lo\u1ea1i c\u00e2y tr\u1ed3ng: L\u00faa: 80-120 kg\/l\u1ea7n (2-3 l\u1ea7n\/v\u1ee5: 7-10 ng\u00e0y sau s\u1ea1\/18-22 ng\u00e0y sau s\u1ea1\/ 38-42 ng\u00e0y sau s\u1ea1) Ng\u00f4: 100-150 kg\/ha\/l\u1ea7n (3 l\u1ea7n\/v\u1ee5: 7-10 ng\u00e0y sau khi tr\u1ed3ng\/20-30 ng\u00e0y sau khi tr\u1ed3ng\/40-50 ng\u00e0y sau khi tr\u1ed3ng) M\u00eda: 300-400 kg\/ha\/l\u1ea7n (3 l\u1ea7n\/v\u1ee5: 15-20 ng\u00e0y sau tr\u1ed3ng\/2-3 th\u00e1ng sau tr\u1ed3ng\/4-5 th\u00e1ng sau tr\u1ed3ng) Thanh long: Giai \u0111o\u1ea1n ki\u1ebfn thi\u1ebft c\u01a1 b\u1ea3n b\u00f3n 100-200 kg\/ha\/l\u1ea7n (3 l\u1ea7n\/n\u0103m: 4 th\u00e1ng\/l\u1ea7n). Giai \u0111o\u1ea1n kinh doanh: Thanh long ch\u00ednh v\u1ee5 b\u00f3n 250-400 g\/tr\u1ee5\/th\u00e1ng; thanh long x\u1eed l\u00fd \u0111\u00e8n b\u00f3n 300-500 g\/tr\u1ee5\/l\u1ea7n (3 l\u1ea7n: l\u00fac t\u1ec9a c\u00e0nh\/l\u00fac ra n\u1ee5\/l\u00fac hoa h\u00e9o) C\u00e2y \u0103n tr\u00e1i kh\u00e1c (xo\u00e0i, nh\u00e3n, b\u01b0\u1edfi, ch\u00f4m ch\u00f4m): Giai \u0111o\u1ea1n ki\u1ebfn thi\u1ebft c\u01a1 b\u1ea3n b\u00f3n 150-350 g\/c\u00e2y\/l\u1ea7n (4 l\u1ea7n\/n\u0103m: 3 th\u00e1ng\/l\u1ea7n). Giai \u0111o\u1ea1n kinh doanh b\u00f3n 300-600 g\/c\u00e2y\/l\u1ea7n (4-5 l\u1ea7n\/n\u0103m: sau thu ho\u1ea1ch b\u00f3n 1-2 l\u1ea7n\/sau \u0111\u1eadu tr\u00e1i\/tr\u00e1i ph\u00e1t tri\u1ec3n b\u00f3n 1-2 l\u1ea7n) Rau \u0103n tr\u00e1i (d\u01b0a h\u1ea5u, \u1edbt, c\u00e0 chua): B\u00f3n 100-150 kg\/ha (b\u00f3n l\u00f3t ho\u1eb7c 7-10 ng\u00e0y sau tr\u1ed3ng); B\u00f3n th\u00fac 150-250 kg\/ha\/l\u1ea7n (1-3 l\u1ea7n\/v\u1ee5: 20-25 ng\u00e0y sau tr\u1ed3ng\/tr\u00e1i ph\u00e1t tri\u1ec3n b\u00f3n 1-2 l\u1ea7n) Rau \u0103n l\u00e1 ng\u1eafn ng\u00e0y: 150-200 kg\/ha\/l\u1ea7n (2 l\u1ea7n\/v\u1ee5: b\u00f3n l\u00f3t ho\u1eb7c 7-10 ng\u00e0y sau tr\u1ed3ng\/20-30 ng\u00e0y sau tr\u1ed3ng) C\u00e0 ph\u00ea: Giai \u0111o\u1ea1n ki\u1ebfn thi\u1ebft c\u01a1 b\u1ea3n b\u00f3n 150-250 kg\/ha\/l\u1ea7n (4 l\u1ea7n\/n\u0103m: 3 th\u00e1ng\/l\u1ea7n). Giai \u0111o\u1ea1n kinh doanh (4 l\u1ea7n\/n\u0103m): m\u00f9a kh\u00f4 b\u00f3n 150-200 kg\/ha; M\u00f9a m\u01b0a b\u00f3n 400-500 kg\/ha\/l\u1ea7n (3 l\u1ea7n: \u0111\u1ea7u m\u00f9a m\u01b0a\/gi\u1eefa m\u00f9a m\u01b0a\/cu\u1ed1i m\u00f9a m\u01b0a) H\u1ed3 ti\u00eau: Giai \u0111o\u1ea1n ki\u1ebfn thi\u1ebft c\u01a1 b\u1ea3n b\u00f3n 150-250 g\/tr\u1ee5\/l\u1ea7n (4 l\u1ea7n\/n\u0103m: 4 th\u00e1ng\/l\u1ea7n). Giai \u0111o\u1ea1n kinh doanh: m\u00f9a kh\u00f4 b\u00f3n 150-250 g\/tr\u1ee5\/l\u1ea7n; m\u00f9a m\u01b0a b\u00f3n 400-500 g\/tr\u1ee5\/l\u1ea7n (3 l\u1ea7n\/n\u0103m: \u0111\u1ea7u m\u00f9a m\u01b0a\/gi\u1eefa m\u00f9a m\u01b0a\/cu\u1ed1i m\u00f9a m\u01b0a) Ch\u00e8: 200-300 kg\/ha\/l\u1ea7n (b\u00f3n 6-7 l\u1ea7n\/n\u0103m theo chu k\u1ef3 thu ho\u1ea1ch) Cao su (giai \u0111o\u1ea1n kinh doanh): 150-200 kg\/ha\/l\u1ea7n (2-3 l\u1ea7n\/n\u0103m: \u0111\u1ea7u m\u00f9a m\u01b0a\/gi\u1eefa m\u00f9a m\u01b0a\/cu\u1ed1i m\u00f9a m\u01b0a) &nbsp;<\/p>\n","protected":false},"featured_media":934,"comment_status":"open","ping_status":"closed","template":"","meta":[],"product_brand":[],"product_cat":[20,19],"product_tag":[],"class_list":{"0":"post-922","1":"product","2":"type-product","3":"status-publish","4":"has-post-thumbnail","6":"product_cat-ca-mau","7":"product_cat-phan-bon","9":"first","10":"instock","11":"shipping-taxable","12":"product-type-simple"},"_links":{"self":[{"href":"https:\/\/tranthingoan.vn\/index.php\/wp-json\/wp\/v2\/product\/922","targetHints":{"allow":["GET"]}}],"collection":[{"href":"https:\/\/tranthingoan.vn\/index.php\/wp-json\/wp\/v2\/product"}],"about":[{"href":"https:\/\/tranthingoan.vn\/index.php\/wp-json\/wp\/v2\/types\/product"}],"replies":[{"embeddable":true,"href":"https:\/\/tranthingoan.vn\/index.php\/wp-json\/wp\/v2\/comments?post=922"}],"wp:featuredmedia":[{"embeddable":true,"href":"https:\/\/tranthingoan.vn\/index.php\/wp-json\/wp\/v2\/media\/934"}],"wp:attachment":[{"href":"https:\/\/tranthingoan.vn\/index.php\/wp-json\/wp\/v2\/media?parent=922"}],"wp:term":[{"taxonomy":"product_brand","embeddable":true,"href":"https:\/\/tranthingoan.vn\/index.php\/wp-json\/wp\/v2\/product_brand?post=922"},{"taxonomy":"product_cat","embeddable":true,"href":"https:\/\/tranthingoan.vn\/index.php\/wp-json\/wp\/v2\/product_cat?post=922"},{"taxonomy":"product_tag","embeddable":true,"href":"https:\/\/tranthingoan.vn\/index.php\/wp-json\/wp\/v2\/product_tag?post=922"}],"curies":[{"name":"wp","href":"https:\/\/api.w.org\/{rel}","templated":true}]}}