{"id":951,"date":"2026-01-02T18:45:11","date_gmt":"2026-01-02T11:45:11","guid":{"rendered":"https:\/\/tranthingoan.vn\/?post_type=product&#038;p=951"},"modified":"2026-01-02T18:45:12","modified_gmt":"2026-01-02T11:45:12","slug":"npk-phu-my-15-5-20te","status":"publish","type":"product","link":"https:\/\/tranthingoan.vn\/index.php\/san-pham\/npk-phu-my-15-5-20te\/","title":{"rendered":"NPK Ph\u00fa M\u1ef9 15-5-20+TE"},"content":{"rendered":"<p><strong>Th\u00f4ng tin s\u1ea3n ph\u1ea9m<\/strong><\/p>\n<p><strong>M\u00e3 s\u1ed1: 05388\u00a0<\/strong><\/p>\n<p><strong>Lo\u1ea1i ph\u00e2n: Ph\u00e2n b\u00f3n NPK b\u1ed5 sung vi l\u01b0\u1ee3ng<\/strong><\/p>\n<p><strong>Th\u00e0nh ph\u1ea7n:<\/strong> \u0110\u1ea1m T\u1ed5ng s\u1ed1 (Nts): 15%; L\u00e2n h\u1eefu hi\u1ec7u (P2O5hh): 5%; Kali h\u1eefu hi\u1ec7u (K2Ohh): 20%; TE (Zn: 50ppm; B: 50ppm); \u0110\u1ed9 \u1ea9m: 5%.<\/p>\n<p><strong>C\u00e1ch s\u1eed d\u1ee5ng:<\/strong> B\u00f3n r\u1ec5 (h,v)<\/p>\n<p><strong>H\u1ea1n s\u1eed d\u1ee5ng:<\/strong> 36 th\u00e1ng (K\u1ec3 t\u1eeb ng\u00e0y s\u1ea3n xu\u1ea5t)<\/p>\n<p><strong>\u0110\u1eb7c t\u00ednh:<\/strong> Ph\u00f9 h\u1ee3p v\u1edbi c\u00e1c lo\u1ea1i c\u00e2y tr\u1ed3ng v\u00e0 c\u00e1c v\u00f9ng th\u1ed5 nh\u01b0\u1ee1ng, sinh th\u00e1i kh\u00e1c nhau. Cung c\u1ea5p \u0111a, trung, vi l\u01b0\u1ee3ng v\u1edbi t\u1ef7 l\u1ec7 c\u00e2n \u0111\u1ed1i, h\u1ee3p l\u00fd &#8230; gi\u00fap c\u00e2y tr\u1ed3ng h\u1ea5p thu nhanh, ph\u00e1t m\u1ea1nh, ch\u1ed1ng ch\u1ecbu \u0111i\u1ec1u ki\u1ec7n th\u1eddi ti\u1ebft b\u1ea5t l\u1ee3i cho n\u0103ng su\u1ea5t cao v\u00e0 ch\u1ea5t l\u01b0\u1ee3ng n\u00f4ng s\u1ea3n v\u01b0\u1ee3t tr\u1ed9i.<\/p>\n<p><strong>S\u1eed d\u1ee5ng cho:<\/strong> C\u00e2y l\u01b0\u01a1ng th\u1ef1c; C\u00e2y c\u00f4ng nghi\u1ec7p; C\u00e2y \u0103n qu\u1ea3 (tr\u00e1i); C\u00e2y rau, m\u00e0u<\/p>\n<p><strong>H\u01b0\u1edbng d\u1eabn s\u1eed d\u1ee5ng<\/strong><\/p>\n<p>C\u00e2y l\u01b0\u01a1ng th\u1ef1c: B\u00f3n l\u00f3t: 100 \u2013 400 kg\/ha<br \/>\nB\u00f3n th\u00fac: 100 \u2013 500 kg\/ha\/v\u1ee5<\/p>\n<p>C\u00e2y c\u00f4ng nghi\u1ec7p:B\u00f3n l\u00f3t: 100 \u2013 1.000 kg\/ha<br \/>\nB\u00f3n th\u00fac: 100 \u2013 1.200 kg\/ha\/v\u1ee5<\/p>\n<p>C\u00e2y \u0103n qu\u1ea3 (tr\u00e1i):B\u00f3n l\u00f3t: 100 \u2013 1.000 kg\/ha<br \/>\nB\u00f3n th\u00fac: 100 \u2013 1.200 kg\/ha\/v\u1ee5<\/p>\n<p>C\u00e2y rau, m\u00e0u: B\u00f3n l\u00f3t: 50 \u2013 400 kg\/ha<br \/>\nB\u00f3n th\u00fac: 50 \u2013 500 kg\/ha\/v\u1ee5<\/p>\n<p>&nbsp;<\/p>\n","protected":false},"excerpt":{"rendered":"<p>Th\u00f4ng tin s\u1ea3n ph\u1ea9m M\u00e3 s\u1ed1: 05388\u00a0 Lo\u1ea1i ph\u00e2n: Ph\u00e2n b\u00f3n NPK b\u1ed5 sung vi l\u01b0\u1ee3ng Th\u00e0nh ph\u1ea7n: \u0110\u1ea1m T\u1ed5ng s\u1ed1 (Nts): 15%; L\u00e2n h\u1eefu hi\u1ec7u (P2O5hh): 5%; Kali h\u1eefu hi\u1ec7u (K2Ohh): 20%; TE (Zn: 50ppm; B: 50ppm); \u0110\u1ed9 \u1ea9m: 5%. C\u00e1ch s\u1eed d\u1ee5ng: B\u00f3n r\u1ec5 (h,v) H\u1ea1n s\u1eed d\u1ee5ng: 36 th\u00e1ng (K\u1ec3 t\u1eeb ng\u00e0y s\u1ea3n xu\u1ea5t) \u0110\u1eb7c t\u00ednh: Ph\u00f9 h\u1ee3p v\u1edbi c\u00e1c lo\u1ea1i c\u00e2y tr\u1ed3ng v\u00e0 c\u00e1c v\u00f9ng th\u1ed5 nh\u01b0\u1ee1ng, sinh th\u00e1i kh\u00e1c nhau. Cung c\u1ea5p \u0111a, trung, vi l\u01b0\u1ee3ng v\u1edbi t\u1ef7 l\u1ec7 c\u00e2n \u0111\u1ed1i, h\u1ee3p l\u00fd &#8230; gi\u00fap c\u00e2y tr\u1ed3ng h\u1ea5p thu nhanh, ph\u00e1t m\u1ea1nh, ch\u1ed1ng ch\u1ecbu \u0111i\u1ec1u ki\u1ec7n th\u1eddi ti\u1ebft b\u1ea5t l\u1ee3i cho n\u0103ng su\u1ea5t cao v\u00e0 ch\u1ea5t l\u01b0\u1ee3ng n\u00f4ng s\u1ea3n v\u01b0\u1ee3t tr\u1ed9i. S\u1eed d\u1ee5ng cho: C\u00e2y l\u01b0\u01a1ng th\u1ef1c; C\u00e2y c\u00f4ng nghi\u1ec7p; C\u00e2y \u0103n qu\u1ea3 (tr\u00e1i); C\u00e2y rau, m\u00e0u H\u01b0\u1edbng d\u1eabn s\u1eed d\u1ee5ng C\u00e2y l\u01b0\u01a1ng th\u1ef1c: B\u00f3n l\u00f3t: 100 \u2013 400 kg\/ha B\u00f3n th\u00fac: 100 \u2013 500 kg\/ha\/v\u1ee5 C\u00e2y c\u00f4ng nghi\u1ec7p:B\u00f3n l\u00f3t: 100 \u2013 1.000 kg\/ha B\u00f3n th\u00fac: 100 \u2013 1.200 kg\/ha\/v\u1ee5 C\u00e2y \u0103n qu\u1ea3 (tr\u00e1i):B\u00f3n l\u00f3t: 100 \u2013 1.000 kg\/ha B\u00f3n th\u00fac: 100 \u2013 1.200 kg\/ha\/v\u1ee5 C\u00e2y rau, m\u00e0u: B\u00f3n l\u00f3t: 50 \u2013 400 kg\/ha B\u00f3n th\u00fac: 50 \u2013 500 kg\/ha\/v\u1ee5 &nbsp;<\/p>\n","protected":false},"featured_media":952,"comment_status":"open","ping_status":"closed","template":"","meta":[],"product_brand":[],"product_cat":[19,21],"product_tag":[],"class_list":{"0":"post-951","1":"product","2":"type-product","3":"status-publish","4":"has-post-thumbnail","6":"product_cat-phan-bon","7":"product_cat-phu-my","9":"first","10":"instock","11":"shipping-taxable","12":"product-type-simple"},"_links":{"self":[{"href":"https:\/\/tranthingoan.vn\/index.php\/wp-json\/wp\/v2\/product\/951","targetHints":{"allow":["GET"]}}],"collection":[{"href":"https:\/\/tranthingoan.vn\/index.php\/wp-json\/wp\/v2\/product"}],"about":[{"href":"https:\/\/tranthingoan.vn\/index.php\/wp-json\/wp\/v2\/types\/product"}],"replies":[{"embeddable":true,"href":"https:\/\/tranthingoan.vn\/index.php\/wp-json\/wp\/v2\/comments?post=951"}],"wp:featuredmedia":[{"embeddable":true,"href":"https:\/\/tranthingoan.vn\/index.php\/wp-json\/wp\/v2\/media\/952"}],"wp:attachment":[{"href":"https:\/\/tranthingoan.vn\/index.php\/wp-json\/wp\/v2\/media?parent=951"}],"wp:term":[{"taxonomy":"product_brand","embeddable":true,"href":"https:\/\/tranthingoan.vn\/index.php\/wp-json\/wp\/v2\/product_brand?post=951"},{"taxonomy":"product_cat","embeddable":true,"href":"https:\/\/tranthingoan.vn\/index.php\/wp-json\/wp\/v2\/product_cat?post=951"},{"taxonomy":"product_tag","embeddable":true,"href":"https:\/\/tranthingoan.vn\/index.php\/wp-json\/wp\/v2\/product_tag?post=951"}],"curies":[{"name":"wp","href":"https:\/\/api.w.org\/{rel}","templated":true}]}}