{"id":960,"date":"2026-01-02T18:54:11","date_gmt":"2026-01-02T11:54:11","guid":{"rendered":"https:\/\/tranthingoan.vn\/?post_type=product&#038;p=960"},"modified":"2026-01-05T11:19:42","modified_gmt":"2026-01-05T04:19:42","slug":"npk-con-co-20-20-15te-avs-nhan-vang","status":"publish","type":"product","link":"https:\/\/tranthingoan.vn\/index.php\/san-pham\/npk-con-co-20-20-15te-avs-nhan-vang\/","title":{"rendered":"NPK CON C\u00d2 20-20-15+TE AVS Nh\u00e3n V\u00e0ng"},"content":{"rendered":"<p><span style=\"font-weight: 400;\"><strong>H\u1ea1t ph\u00e2n:<\/strong> d\u1ea1ng h\u1ea1t 3 m\u00e0u c\u00f3 ph\u1ee7 l\u1edbp \u00e1o vi sinh.<\/span><\/p>\n<p><span style=\"font-weight: 400;\">Ph\u00e2n b\u00f3n NPK CON C\u00d2 20-20-15+TE AVS l\u00e0 ph\u00e2n b\u00f3n cao c\u1ea5p nh\u1ea5t hi\u1ec7n nay, \u0111\u01b0\u1ee3c ph\u1ee7 l\u1edbp \u00e1o vi sinh theo c\u00f4ng ngh\u1ec7 c\u1ee7a Ph\u00e1p.<\/span><\/p>\n<p><span style=\"font-weight: 400;\">NPK CON C\u00d2 20-20-15+TE AVS ngo\u00e0i c\u00e1c ch\u1ea5t dinh d\u01b0\u1ee1ng NPK ch\u00fang c\u00f2n cung c\u1ea5p th\u00eam c\u00e1c ch\u1ea5t vi l\u01b0\u1ee3ng v\u00e0 nhi\u1ec1u ch\u1ee7ng vi sinh v\u1eadt c\u00f3 \u00edch gi\u00fap r\u1ec5 c\u00e2y ph\u00e1t tri\u1ec3n m\u1ea1nh m\u1ebd, l\u00e0m \u0111\u1ea5t t\u01a1i x\u1ed1p, t\u0103ng hi\u1ec7u qu\u1ea3 s\u1eed d\u1ee5ng ph\u00e2n b\u00f3n.<\/span><\/p>\n<p><span style=\"font-weight: 400;\">NPK CON C\u00d2 20-20-15+TE AVS. C\u00f3 th\u1ec3 s\u1eed d\u1ee5ng tr\u00ean nhi\u1ec1u lo\u1ea1i c\u00e2y tr\u1ed3ng v\u00e0 trong nhi\u1ec1u th\u1eddi k\u1ef3 ph\u00e1t tri\u1ec3n kh\u00e1c nhau c\u1ee7a c\u00e2y.<\/span><\/p>\n<p><span style=\"font-weight: 400;\">Kh\u1ed1i l\u01b0\u1ee3ng t\u1ecbnh: 50 kg.<\/span><\/p>\n","protected":false},"excerpt":{"rendered":"<p>H\u1ea1t ph\u00e2n: d\u1ea1ng h\u1ea1t 3 m\u00e0u c\u00f3 ph\u1ee7 l\u1edbp \u00e1o vi sinh. Ph\u00e2n b\u00f3n NPK CON C\u00d2 20-20-15+TE AVS l\u00e0 ph\u00e2n b\u00f3n cao c\u1ea5p nh\u1ea5t hi\u1ec7n nay, \u0111\u01b0\u1ee3c ph\u1ee7 l\u1edbp \u00e1o vi sinh theo c\u00f4ng ngh\u1ec7 c\u1ee7a Ph\u00e1p. NPK CON C\u00d2 20-20-15+TE AVS ngo\u00e0i c\u00e1c ch\u1ea5t dinh d\u01b0\u1ee1ng NPK ch\u00fang c\u00f2n cung c\u1ea5p th\u00eam c\u00e1c ch\u1ea5t vi l\u01b0\u1ee3ng v\u00e0 nhi\u1ec1u ch\u1ee7ng vi sinh v\u1eadt c\u00f3 \u00edch gi\u00fap r\u1ec5 c\u00e2y ph\u00e1t tri\u1ec3n m\u1ea1nh m\u1ebd, l\u00e0m \u0111\u1ea5t t\u01a1i x\u1ed1p, t\u0103ng hi\u1ec7u qu\u1ea3 s\u1eed d\u1ee5ng ph\u00e2n b\u00f3n. NPK CON C\u00d2 20-20-15+TE AVS. C\u00f3 th\u1ec3 s\u1eed d\u1ee5ng tr\u00ean nhi\u1ec1u lo\u1ea1i c\u00e2y tr\u1ed3ng v\u00e0 trong nhi\u1ec1u th\u1eddi k\u1ef3 ph\u00e1t tri\u1ec3n kh\u00e1c nhau c\u1ee7a c\u00e2y. Kh\u1ed1i l\u01b0\u1ee3ng t\u1ecbnh: 50 kg.<\/p>\n","protected":false},"featured_media":961,"comment_status":"open","ping_status":"closed","template":"","meta":[],"product_brand":[],"product_cat":[53,19],"product_tag":[],"class_list":{"0":"post-960","1":"product","2":"type-product","3":"status-publish","4":"has-post-thumbnail","6":"product_cat-ba-con-co","7":"product_cat-phan-bon","9":"first","10":"instock","11":"shipping-taxable","12":"product-type-simple"},"_links":{"self":[{"href":"https:\/\/tranthingoan.vn\/index.php\/wp-json\/wp\/v2\/product\/960","targetHints":{"allow":["GET"]}}],"collection":[{"href":"https:\/\/tranthingoan.vn\/index.php\/wp-json\/wp\/v2\/product"}],"about":[{"href":"https:\/\/tranthingoan.vn\/index.php\/wp-json\/wp\/v2\/types\/product"}],"replies":[{"embeddable":true,"href":"https:\/\/tranthingoan.vn\/index.php\/wp-json\/wp\/v2\/comments?post=960"}],"wp:featuredmedia":[{"embeddable":true,"href":"https:\/\/tranthingoan.vn\/index.php\/wp-json\/wp\/v2\/media\/961"}],"wp:attachment":[{"href":"https:\/\/tranthingoan.vn\/index.php\/wp-json\/wp\/v2\/media?parent=960"}],"wp:term":[{"taxonomy":"product_brand","embeddable":true,"href":"https:\/\/tranthingoan.vn\/index.php\/wp-json\/wp\/v2\/product_brand?post=960"},{"taxonomy":"product_cat","embeddable":true,"href":"https:\/\/tranthingoan.vn\/index.php\/wp-json\/wp\/v2\/product_cat?post=960"},{"taxonomy":"product_tag","embeddable":true,"href":"https:\/\/tranthingoan.vn\/index.php\/wp-json\/wp\/v2\/product_tag?post=960"}],"curies":[{"name":"wp","href":"https:\/\/api.w.org\/{rel}","templated":true}]}}