{"id":962,"date":"2026-01-02T18:55:19","date_gmt":"2026-01-02T11:55:19","guid":{"rendered":"https:\/\/tranthingoan.vn\/?post_type=product&#038;p=962"},"modified":"2026-01-02T18:55:20","modified_gmt":"2026-01-02T11:55:20","slug":"npk-con-co-16-16-16","status":"publish","type":"product","link":"https:\/\/tranthingoan.vn\/index.php\/san-pham\/npk-con-co-16-16-16\/","title":{"rendered":"NPK CON C\u00d2 16-16-16"},"content":{"rendered":"<p><span style=\"font-weight: 400;\">H\u1ea1t ph\u00e2n: d\u1ea1ng h\u1ea1t mi\u1ec5ng 1 m\u00e0u\u00a0<\/span><\/p>\n<p><span style=\"font-weight: 400;\">Ph\u00e2n b\u00f3n NPK CON C\u00d2 16-16-16+5S+0,1Zn+0,05B l\u00e0 lo\u1ea1i ph\u00e2n b\u00f3n ho\u00e0n ch\u1ec9nh ch\u1ee9a h\u00e0m l\u01b0\u1ee3ng dinh d\u01b0\u1ee1ng \u0111\u1ea1m (N), l\u00e2n (P2O5) v\u00e0 c\u00e1c y\u1ebfu t\u1ed1 trung vi l\u01b0\u1ee3ng thi\u1ebft y\u1ebfu cho RAU HOA &amp; C\u00c2Y \u0102N TR\u00c1I<\/span><\/p>\n<p><span style=\"font-weight: 400;\">Th\u1eddi \u0111i\u1ec3m n\u00e0y, c\u00e2y tr\u1ed3ng c\u1ea7n nhi\u1ec1u kali \u0111\u1ec3 gi\u00fap tr\u00e1i to, b\u00f3ng tr\u00e1i, m\u00e0u s\u1eafc \u0111\u1eb9p, t\u0103ng ph\u1ea9m ch\u1ea5t hoa, c\u1ee7, qu\u1ea3 mang l\u1ea1i n\u0103ng su\u1ea5t cao cho c\u00e2y tr\u1ed3ng.<\/span><\/p>\n<p><span style=\"font-weight: 400;\">T\u00f9y t\u1eebng lo\u1ea1i c\u00e2y trong c\u00e1c giai \u0111o\u1ea1n sinh tr\u01b0\u1edfng v\u00e0 ph\u00e1t tri\u1ec3n c\u1ee7a c\u00e2y tr\u1ed3ng m\u00e0 l\u01b0\u1ee3ng b\u00f3n kh\u00e1c nhau. Nh\u00e0 n\u00f4ng c\u1ea7n xem k\u1ef9 h\u01b0\u1edbng d\u1eabn s\u1eed d\u1ee5ng \u1edf m\u1eb7t sau bao b\u00ec.\u00a0<\/span><\/p>\n<p><span style=\"font-weight: 400;\">Kh\u1ed1i l\u01b0\u1ee3ng t\u1ecbnh: 50kg\u00a0<\/span><\/p>\n","protected":false},"excerpt":{"rendered":"<p>H\u1ea1t ph\u00e2n: d\u1ea1ng h\u1ea1t mi\u1ec5ng 1 m\u00e0u\u00a0 Ph\u00e2n b\u00f3n NPK CON C\u00d2 16-16-16+5S+0,1Zn+0,05B l\u00e0 lo\u1ea1i ph\u00e2n b\u00f3n ho\u00e0n ch\u1ec9nh ch\u1ee9a h\u00e0m l\u01b0\u1ee3ng dinh d\u01b0\u1ee1ng \u0111\u1ea1m (N), l\u00e2n (P2O5) v\u00e0 c\u00e1c y\u1ebfu t\u1ed1 trung vi l\u01b0\u1ee3ng thi\u1ebft y\u1ebfu cho RAU HOA &amp; C\u00c2Y \u0102N TR\u00c1I Th\u1eddi \u0111i\u1ec3m n\u00e0y, c\u00e2y tr\u1ed3ng c\u1ea7n nhi\u1ec1u kali \u0111\u1ec3 gi\u00fap tr\u00e1i to, b\u00f3ng tr\u00e1i, m\u00e0u s\u1eafc \u0111\u1eb9p, t\u0103ng ph\u1ea9m ch\u1ea5t hoa, c\u1ee7, qu\u1ea3 mang l\u1ea1i n\u0103ng su\u1ea5t cao cho c\u00e2y tr\u1ed3ng. T\u00f9y t\u1eebng lo\u1ea1i c\u00e2y trong c\u00e1c giai \u0111o\u1ea1n sinh tr\u01b0\u1edfng v\u00e0 ph\u00e1t tri\u1ec3n c\u1ee7a c\u00e2y tr\u1ed3ng m\u00e0 l\u01b0\u1ee3ng b\u00f3n kh\u00e1c nhau. Nh\u00e0 n\u00f4ng c\u1ea7n xem k\u1ef9 h\u01b0\u1edbng d\u1eabn s\u1eed d\u1ee5ng \u1edf m\u1eb7t sau bao b\u00ec.\u00a0 Kh\u1ed1i l\u01b0\u1ee3ng t\u1ecbnh: 50kg\u00a0<\/p>\n","protected":false},"featured_media":963,"comment_status":"open","ping_status":"closed","template":"","meta":[],"product_brand":[],"product_cat":[53,19],"product_tag":[],"class_list":{"0":"post-962","1":"product","2":"type-product","3":"status-publish","4":"has-post-thumbnail","6":"product_cat-ba-con-co","7":"product_cat-phan-bon","9":"first","10":"instock","11":"shipping-taxable","12":"product-type-simple"},"_links":{"self":[{"href":"https:\/\/tranthingoan.vn\/index.php\/wp-json\/wp\/v2\/product\/962","targetHints":{"allow":["GET"]}}],"collection":[{"href":"https:\/\/tranthingoan.vn\/index.php\/wp-json\/wp\/v2\/product"}],"about":[{"href":"https:\/\/tranthingoan.vn\/index.php\/wp-json\/wp\/v2\/types\/product"}],"replies":[{"embeddable":true,"href":"https:\/\/tranthingoan.vn\/index.php\/wp-json\/wp\/v2\/comments?post=962"}],"wp:featuredmedia":[{"embeddable":true,"href":"https:\/\/tranthingoan.vn\/index.php\/wp-json\/wp\/v2\/media\/963"}],"wp:attachment":[{"href":"https:\/\/tranthingoan.vn\/index.php\/wp-json\/wp\/v2\/media?parent=962"}],"wp:term":[{"taxonomy":"product_brand","embeddable":true,"href":"https:\/\/tranthingoan.vn\/index.php\/wp-json\/wp\/v2\/product_brand?post=962"},{"taxonomy":"product_cat","embeddable":true,"href":"https:\/\/tranthingoan.vn\/index.php\/wp-json\/wp\/v2\/product_cat?post=962"},{"taxonomy":"product_tag","embeddable":true,"href":"https:\/\/tranthingoan.vn\/index.php\/wp-json\/wp\/v2\/product_tag?post=962"}],"curies":[{"name":"wp","href":"https:\/\/api.w.org\/{rel}","templated":true}]}}