{"id":964,"date":"2026-01-02T18:56:59","date_gmt":"2026-01-02T11:56:59","guid":{"rendered":"https:\/\/tranthingoan.vn\/?post_type=product&#038;p=964"},"modified":"2026-01-02T18:56:59","modified_gmt":"2026-01-02T11:56:59","slug":"npk-con-co-15-15-15","status":"publish","type":"product","link":"https:\/\/tranthingoan.vn\/index.php\/san-pham\/npk-con-co-15-15-15\/","title":{"rendered":"NPK CON C\u00d2 15-15-15"},"content":{"rendered":"<p><span style=\"font-weight: 400;\">H\u1ea1t ph\u00e2n: d\u1ea1ng h\u1ea1t mi\u1ec5ng 1 m\u00e0u.<\/span><\/p>\n<p><span style=\"font-weight: 400;\">Ph\u00e2n b\u00f3n NPK CON C\u00d2 15-15-15 +9S+0,05B l\u00e0 lo\u1ea1i ph\u00e2n b\u00f3n m\u00e0 ch\u1ee9a 100% l\u00e0 Sunphat Kali v\u00e0 c\u00e1c y\u1ebfu t\u1ed1 trung vi l\u01b0\u1ee3ng thi\u1ebft y\u1ebfu cho c\u00e2y \u0103n tr\u00e1i.<\/span><\/p>\n<p><span style=\"font-weight: 400;\">NPK CON C\u00d2 15-15-15 +9S+0,05B r\u1ea5t ph\u00f9 h\u1ee3p cho nhi\u1ec1u lo\u1ea1i c\u00e2y \u0103n tr\u00e1i, c\u00f3 th\u1ec3 s\u1eed d\u1ee5ng cho nhi\u1ec1u th\u1eddi k\u1ef3 kh\u00e1c nhau \u0111\u1ec3 nu\u00f4i tr\u00e1i.<\/span><\/p>\n<p><span style=\"font-weight: 400;\">S\u1ef1 k\u1ebft h\u1ee3p c\u00e2n \u0111\u1ed1i gi\u1eefa NPK v\u00e0 c\u00e1c y\u1ebfu t\u1ed1 trung vi l\u01b0\u1ee3ng, \u0111\u1eb7c bi\u1ec7t 100% kalisun ph\u00e1t gi\u00fap tr\u00e1i c\u00e2y ch\u00f3ng l\u1edbn, c\u01a1m d\u00e0y, r\u00e1o, th\u01a1m, t\u0103ng n\u0103ng su\u1ea5t ch\u1ea5t l\u01b0\u1ee3ng s\u1ea3n ph\u1ea9m.<\/span><\/p>\n<p><span style=\"font-weight: 400;\">Ch\u1ed1ng r\u1ee5ng tr\u00e1i non.<\/span><\/p>\n<p><span style=\"font-weight: 400;\">Kh\u1ed1i l\u01b0\u1ee3ng t\u1ecbnh: 50kg.<\/span><\/p>\n","protected":false},"excerpt":{"rendered":"<p>H\u1ea1t ph\u00e2n: d\u1ea1ng h\u1ea1t mi\u1ec5ng 1 m\u00e0u. Ph\u00e2n b\u00f3n NPK CON C\u00d2 15-15-15 +9S+0,05B l\u00e0 lo\u1ea1i ph\u00e2n b\u00f3n m\u00e0 ch\u1ee9a 100% l\u00e0 Sunphat Kali v\u00e0 c\u00e1c y\u1ebfu t\u1ed1 trung vi l\u01b0\u1ee3ng thi\u1ebft y\u1ebfu cho c\u00e2y \u0103n tr\u00e1i. NPK CON C\u00d2 15-15-15 +9S+0,05B r\u1ea5t ph\u00f9 h\u1ee3p cho nhi\u1ec1u lo\u1ea1i c\u00e2y \u0103n tr\u00e1i, c\u00f3 th\u1ec3 s\u1eed d\u1ee5ng cho nhi\u1ec1u th\u1eddi k\u1ef3 kh\u00e1c nhau \u0111\u1ec3 nu\u00f4i tr\u00e1i. S\u1ef1 k\u1ebft h\u1ee3p c\u00e2n \u0111\u1ed1i gi\u1eefa NPK v\u00e0 c\u00e1c y\u1ebfu t\u1ed1 trung vi l\u01b0\u1ee3ng, \u0111\u1eb7c bi\u1ec7t 100% kalisun ph\u00e1t gi\u00fap tr\u00e1i c\u00e2y ch\u00f3ng l\u1edbn, c\u01a1m d\u00e0y, r\u00e1o, th\u01a1m, t\u0103ng n\u0103ng su\u1ea5t ch\u1ea5t l\u01b0\u1ee3ng s\u1ea3n ph\u1ea9m. Ch\u1ed1ng r\u1ee5ng tr\u00e1i non. Kh\u1ed1i l\u01b0\u1ee3ng t\u1ecbnh: 50kg.<\/p>\n","protected":false},"featured_media":965,"comment_status":"open","ping_status":"closed","template":"","meta":[],"product_brand":[],"product_cat":[53,19],"product_tag":[],"class_list":{"0":"post-964","1":"product","2":"type-product","3":"status-publish","4":"has-post-thumbnail","6":"product_cat-ba-con-co","7":"product_cat-phan-bon","9":"first","10":"instock","11":"shipping-taxable","12":"product-type-simple"},"_links":{"self":[{"href":"https:\/\/tranthingoan.vn\/index.php\/wp-json\/wp\/v2\/product\/964","targetHints":{"allow":["GET"]}}],"collection":[{"href":"https:\/\/tranthingoan.vn\/index.php\/wp-json\/wp\/v2\/product"}],"about":[{"href":"https:\/\/tranthingoan.vn\/index.php\/wp-json\/wp\/v2\/types\/product"}],"replies":[{"embeddable":true,"href":"https:\/\/tranthingoan.vn\/index.php\/wp-json\/wp\/v2\/comments?post=964"}],"wp:featuredmedia":[{"embeddable":true,"href":"https:\/\/tranthingoan.vn\/index.php\/wp-json\/wp\/v2\/media\/965"}],"wp:attachment":[{"href":"https:\/\/tranthingoan.vn\/index.php\/wp-json\/wp\/v2\/media?parent=964"}],"wp:term":[{"taxonomy":"product_brand","embeddable":true,"href":"https:\/\/tranthingoan.vn\/index.php\/wp-json\/wp\/v2\/product_brand?post=964"},{"taxonomy":"product_cat","embeddable":true,"href":"https:\/\/tranthingoan.vn\/index.php\/wp-json\/wp\/v2\/product_cat?post=964"},{"taxonomy":"product_tag","embeddable":true,"href":"https:\/\/tranthingoan.vn\/index.php\/wp-json\/wp\/v2\/product_tag?post=964"}],"curies":[{"name":"wp","href":"https:\/\/api.w.org\/{rel}","templated":true}]}}